{"id":128,"date":"2025-03-18T05:25:47","date_gmt":"2025-03-18T05:25:47","guid":{"rendered":"https:\/\/atenatwostars.com\/?post_type=product&#038;p=128"},"modified":"2025-03-18T15:56:28","modified_gmt":"2025-03-18T15:56:28","slug":"tablou-print","status":"publish","type":"product","link":"https:\/\/atenatwostars.com\/index.php\/product\/tablou-print\/","title":{"rendered":"Calendar Personalizat"},"content":{"rendered":"<p data-start=\"64\" data-end=\"436\">Un calendar personalizat este mai mult dec\u00e2t un simplu instrument de organizare \u2013 este o expresie a stilului t\u0103u, a momentelor speciale \u0219i a amintirilor care conteaz\u0103. Fie c\u0103 \u00eel creezi pentru birou, pentru acas\u0103 sau ca un cadou unic pentru cineva drag, calendarul personalizat \u00ee\u021bi ofer\u0103 posibilitatea de a ad\u0103uga imagini, mesaje speciale \u0219i designuri care te reprezint\u0103.<\/p>\n<h3 data-start=\"438\" data-end=\"463\"><strong data-start=\"442\" data-end=\"461\">Caracteristici:<\/strong><\/h3>\n<p data-start=\"464\" data-end=\"992\">\ud83d\udcc5 <strong data-start=\"467\" data-end=\"493\">Personalizare complet\u0103<\/strong> \u2013 Adaug\u0103 propriile fotografii, citate motiva\u021bionale \u0219i marcaje pentru zile speciale.<br data-start=\"578\" data-end=\"581\" \/>\ud83c\udfa8 <strong data-start=\"584\" data-end=\"599\">Design unic<\/strong> \u2013 Alege dintre diferite modele, culori \u0219i stiluri pentru a se potrivi perfect cu gustul t\u0103u.<br data-start=\"692\" data-end=\"695\" \/>\ud83d\udcdc <strong data-start=\"698\" data-end=\"731\">Materiale de calitate premium<\/strong> \u2013 Tip\u0103rire clar\u0103 pe h\u00e2rtie durabil\u0103, perfect\u0103 pentru utilizare pe tot parcursul anului.<br data-start=\"819\" data-end=\"822\" \/>\ud83c\udf81 <strong data-start=\"825\" data-end=\"843\">Cadoul perfect<\/strong> \u2013 O idee minunat\u0103 pentru anivers\u0103ri, s\u0103rb\u0103tori sau ocazii speciale.<br data-start=\"911\" data-end=\"914\" \/>\ud83d\udccc <strong data-start=\"917\" data-end=\"936\">Format flexibil<\/strong> \u2013 Disponibil \u00een variante de perete, birou sau agend\u0103.<\/p>\n<p data-start=\"994\" data-end=\"1097\">Creeaz\u0103-\u021bi acum propriul calendar personalizat \u0219i transform\u0103 fiecare lun\u0103 \u00eentr-o experien\u021b\u0103 special\u0103!<\/p>\n<p data-start=\"1123\" data-end=\"1175\" data-is-last-node=\"\" data-is-only-node=\"\">*pachet 25 buc.<\/p>\n","protected":false},"excerpt":{"rendered":"<p>Un calendar personalizat este mai mult dec\u00e2t un simplu instrument de organizare \u2013 este o expresie a stilului t\u0103u, a momentelor speciale \u0219i a amintirilor care conteaz\u0103. Fie c\u0103 \u00eel creezi pentru birou, pentru acas\u0103 sau ca un cadou unic pentru cineva drag, calendarul personalizat \u00ee\u021bi ofer\u0103 posibilitatea de a ad\u0103uga imagini, mesaje speciale \u0219i [&hellip;]<\/p>\n","protected":false},"featured_media":0,"comment_status":"open","ping_status":"closed","template":"","meta":[],"product_brand":[],"product_cat":[16],"product_tag":[],"class_list":{"0":"post-128","1":"product","2":"type-product","3":"status-publish","5":"product_cat-uncategorized","7":"first","8":"instock","9":"shipping-taxable","10":"purchasable","11":"product-type-simple"},"jetpack_sharing_enabled":true,"_links":{"self":[{"href":"https:\/\/atenatwostars.com\/index.php\/wp-json\/wp\/v2\/product\/128","targetHints":{"allow":["GET"]}}],"collection":[{"href":"https:\/\/atenatwostars.com\/index.php\/wp-json\/wp\/v2\/product"}],"about":[{"href":"https:\/\/atenatwostars.com\/index.php\/wp-json\/wp\/v2\/types\/product"}],"replies":[{"embeddable":true,"href":"https:\/\/atenatwostars.com\/index.php\/wp-json\/wp\/v2\/comments?post=128"}],"wp:attachment":[{"href":"https:\/\/atenatwostars.com\/index.php\/wp-json\/wp\/v2\/media?parent=128"}],"wp:term":[{"taxonomy":"product_brand","embeddable":true,"href":"https:\/\/atenatwostars.com\/index.php\/wp-json\/wp\/v2\/product_brand?post=128"},{"taxonomy":"product_cat","embeddable":true,"href":"https:\/\/atenatwostars.com\/index.php\/wp-json\/wp\/v2\/product_cat?post=128"},{"taxonomy":"product_tag","embeddable":true,"href":"https:\/\/atenatwostars.com\/index.php\/wp-json\/wp\/v2\/product_tag?post=128"}],"curies":[{"name":"wp","href":"https:\/\/api.w.org\/{rel}","templated":true}]}}