{"id":182,"date":"2025-03-18T09:39:27","date_gmt":"2025-03-18T09:39:27","guid":{"rendered":"https:\/\/atenatwostars.com\/index.php\/product\/carti-de-vizita-premium-creeaza-o-prima-impresie-puternica\/"},"modified":"2025-03-18T15:54:35","modified_gmt":"2025-03-18T15:54:35","slug":"carti-de-vizita-premium-creeaza-o-prima-impresie-puternica","status":"publish","type":"product","link":"https:\/\/atenatwostars.com\/index.php\/product\/carti-de-vizita-premium-creeaza-o-prima-impresie-puternica\/","title":{"rendered":"C\u0103r\u021bi de Vizit\u0103 Premium \u2013 Creeaz\u0103 o Prim\u0103 Impresie Puternic\u0103"},"content":{"rendered":"<p>Tip\u0103rite pe carton ultra-gros cu culori vibrante, aceste c\u0103r\u021bi de vizit\u0103 premium te ajut\u0103 s\u0103 creezi o impresie de durat\u0103. Impresioneaz\u0103 clien\u021bii cu finisaje de lux op\u021bionale, precum laminare mat\u0103 sau accente de folie, care \u00ee\u021bi ridic\u0103 profesionalismul \u0219i te fac s\u0103 te remarci.<br \/>\n*Pachet de 250 buc.<\/p>\n","protected":false},"excerpt":{"rendered":"<p>Tip\u0103rite pe carton ultra-gros cu culori vibrante, aceste c\u0103r\u021bi de vizit\u0103 premium te ajut\u0103 s\u0103 creezi o impresie de durat\u0103. Impresioneaz\u0103 clien\u021bii cu finisaje de lux op\u021bionale, precum laminare mat\u0103 sau accente de folie, care \u00ee\u021bi ridic\u0103 profesionalismul \u0219i te fac s\u0103 te remarci. *Pachet de 250 buc.<\/p>\n","protected":false},"featured_media":192,"comment_status":"open","ping_status":"closed","template":"","meta":[],"product_brand":[],"product_cat":[24],"product_tag":[],"class_list":{"0":"post-182","1":"product","2":"type-product","3":"status-publish","4":"has-post-thumbnail","6":"product_cat-produse-esentiale-pentru-afaceri","8":"first","9":"instock","10":"shipping-taxable","11":"purchasable","12":"product-type-simple"},"jetpack_sharing_enabled":true,"_links":{"self":[{"href":"https:\/\/atenatwostars.com\/index.php\/wp-json\/wp\/v2\/product\/182","targetHints":{"allow":["GET"]}}],"collection":[{"href":"https:\/\/atenatwostars.com\/index.php\/wp-json\/wp\/v2\/product"}],"about":[{"href":"https:\/\/atenatwostars.com\/index.php\/wp-json\/wp\/v2\/types\/product"}],"replies":[{"embeddable":true,"href":"https:\/\/atenatwostars.com\/index.php\/wp-json\/wp\/v2\/comments?post=182"}],"wp:featuredmedia":[{"embeddable":true,"href":"https:\/\/atenatwostars.com\/index.php\/wp-json\/wp\/v2\/media\/192"}],"wp:attachment":[{"href":"https:\/\/atenatwostars.com\/index.php\/wp-json\/wp\/v2\/media?parent=182"}],"wp:term":[{"taxonomy":"product_brand","embeddable":true,"href":"https:\/\/atenatwostars.com\/index.php\/wp-json\/wp\/v2\/product_brand?post=182"},{"taxonomy":"product_cat","embeddable":true,"href":"https:\/\/atenatwostars.com\/index.php\/wp-json\/wp\/v2\/product_cat?post=182"},{"taxonomy":"product_tag","embeddable":true,"href":"https:\/\/atenatwostars.com\/index.php\/wp-json\/wp\/v2\/product_tag?post=182"}],"curies":[{"name":"wp","href":"https:\/\/api.w.org\/{rel}","templated":true}]}}