{"id":183,"date":"2025-03-18T09:39:27","date_gmt":"2025-03-18T09:39:27","guid":{"rendered":"https:\/\/atenatwostars.com\/index.php\/product\/antet-personalizat-pentru-branding-profesional\/"},"modified":"2025-03-18T10:02:13","modified_gmt":"2025-03-18T10:02:13","slug":"antet-personalizat-pentru-branding-profesional","status":"publish","type":"product","link":"https:\/\/atenatwostars.com\/index.php\/product\/antet-personalizat-pentru-branding-profesional\/","title":{"rendered":"Antet Personalizat pentru Branding Profesional"},"content":{"rendered":"<p>Ridic\u0103 nivelul fiec\u0103rei coresponden\u021be cu anteturi personalizate, tip\u0103rite pe h\u00e2rtie de calitate superioar\u0103. Fiecare pagin\u0103 prezint\u0103 logo-ul \u0219i culorile companiei tale cu detalii clare, asigur\u00e2nd consisten\u021ba brandului \u0219i demonstr\u00e2nd profesionalism \u00een fiecare scrisoare sau factur\u0103 trimis\u0103.<\/p>\n","protected":false},"excerpt":{"rendered":"<p>Ridic\u0103 nivelul fiec\u0103rei coresponden\u021be cu anteturi personalizate, tip\u0103rite pe h\u00e2rtie de calitate superioar\u0103. Fiecare pagin\u0103 prezint\u0103 logo-ul \u0219i culorile companiei tale cu detalii clare, asigur\u00e2nd consisten\u021ba brandului \u0219i demonstr\u00e2nd profesionalism \u00een fiecare scrisoare sau factur\u0103 trimis\u0103.<\/p>\n","protected":false},"featured_media":193,"comment_status":"open","ping_status":"closed","template":"","meta":[],"product_brand":[],"product_cat":[24],"product_tag":[],"class_list":{"0":"post-183","1":"product","2":"type-product","3":"status-publish","4":"has-post-thumbnail","6":"product_cat-produse-esentiale-pentru-afaceri","8":"first","9":"instock","10":"shipping-taxable","11":"purchasable","12":"product-type-simple"},"jetpack_sharing_enabled":true,"_links":{"self":[{"href":"https:\/\/atenatwostars.com\/index.php\/wp-json\/wp\/v2\/product\/183","targetHints":{"allow":["GET"]}}],"collection":[{"href":"https:\/\/atenatwostars.com\/index.php\/wp-json\/wp\/v2\/product"}],"about":[{"href":"https:\/\/atenatwostars.com\/index.php\/wp-json\/wp\/v2\/types\/product"}],"replies":[{"embeddable":true,"href":"https:\/\/atenatwostars.com\/index.php\/wp-json\/wp\/v2\/comments?post=183"}],"wp:featuredmedia":[{"embeddable":true,"href":"https:\/\/atenatwostars.com\/index.php\/wp-json\/wp\/v2\/media\/193"}],"wp:attachment":[{"href":"https:\/\/atenatwostars.com\/index.php\/wp-json\/wp\/v2\/media?parent=183"}],"wp:term":[{"taxonomy":"product_brand","embeddable":true,"href":"https:\/\/atenatwostars.com\/index.php\/wp-json\/wp\/v2\/product_brand?post=183"},{"taxonomy":"product_cat","embeddable":true,"href":"https:\/\/atenatwostars.com\/index.php\/wp-json\/wp\/v2\/product_cat?post=183"},{"taxonomy":"product_tag","embeddable":true,"href":"https:\/\/atenatwostars.com\/index.php\/wp-json\/wp\/v2\/product_tag?post=183"}],"curies":[{"name":"wp","href":"https:\/\/api.w.org\/{rel}","templated":true}]}}