{"id":184,"date":"2025-03-18T09:39:27","date_gmt":"2025-03-18T09:39:27","guid":{"rendered":"https:\/\/atenatwostars.com\/index.php\/product\/plicuri-personalizate-care-impresioneaza-de-la-prima-vedere\/"},"modified":"2025-03-18T15:55:04","modified_gmt":"2025-03-18T15:55:04","slug":"plicuri-personalizate-care-impresioneaza-de-la-prima-vedere","status":"publish","type":"product","link":"https:\/\/atenatwostars.com\/index.php\/product\/plicuri-personalizate-care-impresioneaza-de-la-prima-vedere\/","title":{"rendered":"Plicuri Personalizate care Impresioneaz\u0103 de la Prima Vedere"},"content":{"rendered":"<p>Sigileaz\u0103 fiecare afacere cu stil, utiliz\u00e2nd plicuri personalizate cu logo-ul \u0219i designul t\u0103u. Aceste plicuri sunt tip\u0103rite cu culori vibrante \u0219i pe h\u00e2rtie de calitate, astfel \u00eenc\u00e2t s\u0103 creeze o impresie profesional\u0103 \u0219i s\u0103 atrag\u0103 aten\u021bia chiar \u00eenainte de a fi deschise.<br \/>\n*pachet 200 buc.<\/p>\n","protected":false},"excerpt":{"rendered":"<p>Sigileaz\u0103 fiecare afacere cu stil, utiliz\u00e2nd plicuri personalizate cu logo-ul \u0219i designul t\u0103u. Aceste plicuri sunt tip\u0103rite cu culori vibrante \u0219i pe h\u00e2rtie de calitate, astfel \u00eenc\u00e2t s\u0103 creeze o impresie profesional\u0103 \u0219i s\u0103 atrag\u0103 aten\u021bia chiar \u00eenainte de a fi deschise. *pachet 200 buc.<\/p>\n","protected":false},"featured_media":0,"comment_status":"open","ping_status":"closed","template":"","meta":[],"product_brand":[],"product_cat":[24],"product_tag":[],"class_list":{"0":"post-184","1":"product","2":"type-product","3":"status-publish","5":"product_cat-produse-esentiale-pentru-afaceri","7":"first","8":"instock","9":"shipping-taxable","10":"purchasable","11":"product-type-simple"},"jetpack_sharing_enabled":true,"_links":{"self":[{"href":"https:\/\/atenatwostars.com\/index.php\/wp-json\/wp\/v2\/product\/184","targetHints":{"allow":["GET"]}}],"collection":[{"href":"https:\/\/atenatwostars.com\/index.php\/wp-json\/wp\/v2\/product"}],"about":[{"href":"https:\/\/atenatwostars.com\/index.php\/wp-json\/wp\/v2\/types\/product"}],"replies":[{"embeddable":true,"href":"https:\/\/atenatwostars.com\/index.php\/wp-json\/wp\/v2\/comments?post=184"}],"wp:attachment":[{"href":"https:\/\/atenatwostars.com\/index.php\/wp-json\/wp\/v2\/media?parent=184"}],"wp:term":[{"taxonomy":"product_brand","embeddable":true,"href":"https:\/\/atenatwostars.com\/index.php\/wp-json\/wp\/v2\/product_brand?post=184"},{"taxonomy":"product_cat","embeddable":true,"href":"https:\/\/atenatwostars.com\/index.php\/wp-json\/wp\/v2\/product_cat?post=184"},{"taxonomy":"product_tag","embeddable":true,"href":"https:\/\/atenatwostars.com\/index.php\/wp-json\/wp\/v2\/product_tag?post=184"}],"curies":[{"name":"wp","href":"https:\/\/api.w.org\/{rel}","templated":true}]}}