{"id":185,"date":"2025-03-18T09:39:27","date_gmt":"2025-03-18T09:39:27","guid":{"rendered":"https:\/\/atenatwostars.com\/index.php\/product\/mape-de-prezentare-organizare-si-profesionalism\/"},"modified":"2025-03-18T15:55:23","modified_gmt":"2025-03-18T15:55:23","slug":"mape-de-prezentare-organizare-si-profesionalism","status":"publish","type":"product","link":"https:\/\/atenatwostars.com\/index.php\/product\/mape-de-prezentare-organizare-si-profesionalism\/","title":{"rendered":"Mape de Prezentare \u2013 Organizare \u0219i Profesionalism"},"content":{"rendered":"<p>F\u0103-\u021bi prezent\u0103rile \u0219i propunerile mai impresionante cu mape de prezentare personalizate. Aceste mape rezistente \u0219i elegante p\u0103streaz\u0103 documentele organizate \u0219i afi\u0219eaz\u0103 cu \u00eendr\u0103zneal\u0103 logo-ul \u0219i sloganul companiei tale, ajut\u00e2ndu-te s\u0103 prezin\u021bi informa\u021bii \u00eentr-un mod profesionist.<\/p>\n<p>*Pachet 10 buc.<\/p>\n","protected":false},"excerpt":{"rendered":"<p>F\u0103-\u021bi prezent\u0103rile \u0219i propunerile mai impresionante cu mape de prezentare personalizate. Aceste mape rezistente \u0219i elegante p\u0103streaz\u0103 documentele organizate \u0219i afi\u0219eaz\u0103 cu \u00eendr\u0103zneal\u0103 logo-ul \u0219i sloganul companiei tale, ajut\u00e2ndu-te s\u0103 prezin\u021bi informa\u021bii \u00eentr-un mod profesionist. *Pachet 10 buc.<\/p>\n","protected":false},"featured_media":0,"comment_status":"open","ping_status":"closed","template":"","meta":[],"product_brand":[],"product_cat":[24],"product_tag":[],"class_list":{"0":"post-185","1":"product","2":"type-product","3":"status-publish","5":"product_cat-produse-esentiale-pentru-afaceri","7":"first","8":"instock","9":"shipping-taxable","10":"purchasable","11":"product-type-simple"},"jetpack_sharing_enabled":true,"_links":{"self":[{"href":"https:\/\/atenatwostars.com\/index.php\/wp-json\/wp\/v2\/product\/185","targetHints":{"allow":["GET"]}}],"collection":[{"href":"https:\/\/atenatwostars.com\/index.php\/wp-json\/wp\/v2\/product"}],"about":[{"href":"https:\/\/atenatwostars.com\/index.php\/wp-json\/wp\/v2\/types\/product"}],"replies":[{"embeddable":true,"href":"https:\/\/atenatwostars.com\/index.php\/wp-json\/wp\/v2\/comments?post=185"}],"wp:attachment":[{"href":"https:\/\/atenatwostars.com\/index.php\/wp-json\/wp\/v2\/media?parent=185"}],"wp:term":[{"taxonomy":"product_brand","embeddable":true,"href":"https:\/\/atenatwostars.com\/index.php\/wp-json\/wp\/v2\/product_brand?post=185"},{"taxonomy":"product_cat","embeddable":true,"href":"https:\/\/atenatwostars.com\/index.php\/wp-json\/wp\/v2\/product_cat?post=185"},{"taxonomy":"product_tag","embeddable":true,"href":"https:\/\/atenatwostars.com\/index.php\/wp-json\/wp\/v2\/product_tag?post=185"}],"curies":[{"name":"wp","href":"https:\/\/api.w.org\/{rel}","templated":true}]}}