{"id":186,"date":"2025-03-18T09:39:27","date_gmt":"2025-03-18T09:39:27","guid":{"rendered":"https:\/\/atenatwostars.com\/index.php\/product\/brosuri-tip-tri-fold-spune-ti-povestea-in-detaliu\/"},"modified":"2025-03-18T09:39:27","modified_gmt":"2025-03-18T09:39:27","slug":"brosuri-tip-tri-fold-spune-ti-povestea-in-detaliu","status":"publish","type":"product","link":"https:\/\/atenatwostars.com\/index.php\/product\/brosuri-tip-tri-fold-spune-ti-povestea-in-detaliu\/","title":{"rendered":"Bro\u0219uri Tip Tri-fold \u2013 Spune-\u021bi Povestea \u00een Detaliu"},"content":{"rendered":"<p>Capteaz\u0103 aten\u021bia publicului cu bro\u0219uri tip tri-fold, care se deschid pentru a dezv\u0103lui povestea, serviciile sau produsele afacerii tale \u00eentr-un mod captivant. Tip\u0103rite pe h\u00e2rtie lucioas\u0103 premium cu pliuri clare, aceste bro\u0219uri sunt ideale pentru evenimente, coresponden\u021b\u0103 sau distribu\u021bie \u00een magazin.<\/p>\n","protected":false},"excerpt":{"rendered":"<p>Capteaz\u0103 aten\u021bia publicului cu bro\u0219uri tip tri-fold, care se deschid pentru a dezv\u0103lui povestea, serviciile sau produsele afacerii tale \u00eentr-un mod captivant. Tip\u0103rite pe h\u00e2rtie lucioas\u0103 premium cu pliuri clare, aceste bro\u0219uri sunt ideale pentru evenimente, coresponden\u021b\u0103 sau distribu\u021bie \u00een magazin.<\/p>\n","protected":false},"featured_media":0,"comment_status":"open","ping_status":"closed","template":"","meta":[],"product_brand":[],"product_cat":[25],"product_tag":[],"class_list":{"0":"post-186","1":"product","2":"type-product","3":"status-publish","5":"product_cat-materiale-de-marketing","7":"first","8":"instock","9":"shipping-taxable","10":"purchasable","11":"product-type-simple"},"jetpack_sharing_enabled":true,"_links":{"self":[{"href":"https:\/\/atenatwostars.com\/index.php\/wp-json\/wp\/v2\/product\/186","targetHints":{"allow":["GET"]}}],"collection":[{"href":"https:\/\/atenatwostars.com\/index.php\/wp-json\/wp\/v2\/product"}],"about":[{"href":"https:\/\/atenatwostars.com\/index.php\/wp-json\/wp\/v2\/types\/product"}],"replies":[{"embeddable":true,"href":"https:\/\/atenatwostars.com\/index.php\/wp-json\/wp\/v2\/comments?post=186"}],"wp:attachment":[{"href":"https:\/\/atenatwostars.com\/index.php\/wp-json\/wp\/v2\/media?parent=186"}],"wp:term":[{"taxonomy":"product_brand","embeddable":true,"href":"https:\/\/atenatwostars.com\/index.php\/wp-json\/wp\/v2\/product_brand?post=186"},{"taxonomy":"product_cat","embeddable":true,"href":"https:\/\/atenatwostars.com\/index.php\/wp-json\/wp\/v2\/product_cat?post=186"},{"taxonomy":"product_tag","embeddable":true,"href":"https:\/\/atenatwostars.com\/index.php\/wp-json\/wp\/v2\/product_tag?post=186"}],"curies":[{"name":"wp","href":"https:\/\/api.w.org\/{rel}","templated":true}]}}