{"id":187,"date":"2025-03-18T09:39:27","date_gmt":"2025-03-18T09:39:27","guid":{"rendered":"https:\/\/atenatwostars.com\/index.php\/product\/flyere-promotionale-care-atrag-privirile\/"},"modified":"2025-03-18T15:56:03","modified_gmt":"2025-03-18T15:56:03","slug":"flyere-promotionale-care-atrag-privirile","status":"publish","type":"product","link":"https:\/\/atenatwostars.com\/index.php\/product\/flyere-promotionale-care-atrag-privirile\/","title":{"rendered":"Flyere Promo\u021bionale care Atrag Privirile"},"content":{"rendered":"<p>M\u0103re\u0219te-\u021bi vizibilitatea cu flyere promo\u021bionale de impact, concepute pentru a transmite mesajul rapid \u0219i eficient. Tip\u0103rite la rezolu\u021bie \u00eenalt\u0103 pe h\u00e2rtie de calitate, acestea ofer\u0103 imagini clare \u0219i text bine definit, perfecte pentru promovarea evenimentelor, reducerilor sau lans\u0103rilor de produse.<\/p>\n<p>*Pachet 200 buc.<\/p>\n","protected":false},"excerpt":{"rendered":"<p>M\u0103re\u0219te-\u021bi vizibilitatea cu flyere promo\u021bionale de impact, concepute pentru a transmite mesajul rapid \u0219i eficient. Tip\u0103rite la rezolu\u021bie \u00eenalt\u0103 pe h\u00e2rtie de calitate, acestea ofer\u0103 imagini clare \u0219i text bine definit, perfecte pentru promovarea evenimentelor, reducerilor sau lans\u0103rilor de produse. *Pachet 200 buc.<\/p>\n","protected":false},"featured_media":0,"comment_status":"open","ping_status":"closed","template":"","meta":[],"product_brand":[],"product_cat":[25],"product_tag":[],"class_list":{"0":"post-187","1":"product","2":"type-product","3":"status-publish","5":"product_cat-materiale-de-marketing","7":"first","8":"instock","9":"shipping-taxable","10":"purchasable","11":"product-type-simple"},"jetpack_sharing_enabled":true,"_links":{"self":[{"href":"https:\/\/atenatwostars.com\/index.php\/wp-json\/wp\/v2\/product\/187","targetHints":{"allow":["GET"]}}],"collection":[{"href":"https:\/\/atenatwostars.com\/index.php\/wp-json\/wp\/v2\/product"}],"about":[{"href":"https:\/\/atenatwostars.com\/index.php\/wp-json\/wp\/v2\/types\/product"}],"replies":[{"embeddable":true,"href":"https:\/\/atenatwostars.com\/index.php\/wp-json\/wp\/v2\/comments?post=187"}],"wp:attachment":[{"href":"https:\/\/atenatwostars.com\/index.php\/wp-json\/wp\/v2\/media?parent=187"}],"wp:term":[{"taxonomy":"product_brand","embeddable":true,"href":"https:\/\/atenatwostars.com\/index.php\/wp-json\/wp\/v2\/product_brand?post=187"},{"taxonomy":"product_cat","embeddable":true,"href":"https:\/\/atenatwostars.com\/index.php\/wp-json\/wp\/v2\/product_cat?post=187"},{"taxonomy":"product_tag","embeddable":true,"href":"https:\/\/atenatwostars.com\/index.php\/wp-json\/wp\/v2\/product_tag?post=187"}],"curies":[{"name":"wp","href":"https:\/\/api.w.org\/{rel}","templated":true}]}}