{"id":189,"date":"2025-03-18T09:39:27","date_gmt":"2025-03-18T09:39:27","guid":{"rendered":"https:\/\/atenatwostars.com\/index.php\/product\/postere-vibrante-pentru-impact-maxim\/"},"modified":"2025-03-18T09:39:27","modified_gmt":"2025-03-18T09:39:27","slug":"postere-vibrante-pentru-impact-maxim","status":"publish","type":"product","link":"https:\/\/atenatwostars.com\/index.php\/product\/postere-vibrante-pentru-impact-maxim\/","title":{"rendered":"Postere Vibrante pentru Impact Maxim"},"content":{"rendered":"<p>Atrage aten\u021bia publicului cu postere mari \u0219i viu colorate, perfecte pentru vitrine, evenimente sau decoruri de birou. Tip\u0103rite la calitate HD pe h\u00e2rtie rezistent\u0103, aceste postere ofer\u0103 culori intense \u0219i imagini clare care atrag privirile \u0219i transmit rapid mesajul t\u0103u.<\/p>\n","protected":false},"excerpt":{"rendered":"<p>Atrage aten\u021bia publicului cu postere mari \u0219i viu colorate, perfecte pentru vitrine, evenimente sau decoruri de birou. Tip\u0103rite la calitate HD pe h\u00e2rtie rezistent\u0103, aceste postere ofer\u0103 culori intense \u0219i imagini clare care atrag privirile \u0219i transmit rapid mesajul t\u0103u.<\/p>\n","protected":false},"featured_media":0,"comment_status":"open","ping_status":"closed","template":"","meta":[],"product_brand":[],"product_cat":[25],"product_tag":[],"class_list":{"0":"post-189","1":"product","2":"type-product","3":"status-publish","5":"product_cat-materiale-de-marketing","7":"first","8":"instock","9":"shipping-taxable","10":"purchasable","11":"product-type-simple"},"jetpack_sharing_enabled":true,"_links":{"self":[{"href":"https:\/\/atenatwostars.com\/index.php\/wp-json\/wp\/v2\/product\/189","targetHints":{"allow":["GET"]}}],"collection":[{"href":"https:\/\/atenatwostars.com\/index.php\/wp-json\/wp\/v2\/product"}],"about":[{"href":"https:\/\/atenatwostars.com\/index.php\/wp-json\/wp\/v2\/types\/product"}],"replies":[{"embeddable":true,"href":"https:\/\/atenatwostars.com\/index.php\/wp-json\/wp\/v2\/comments?post=189"}],"wp:attachment":[{"href":"https:\/\/atenatwostars.com\/index.php\/wp-json\/wp\/v2\/media?parent=189"}],"wp:term":[{"taxonomy":"product_brand","embeddable":true,"href":"https:\/\/atenatwostars.com\/index.php\/wp-json\/wp\/v2\/product_brand?post=189"},{"taxonomy":"product_cat","embeddable":true,"href":"https:\/\/atenatwostars.com\/index.php\/wp-json\/wp\/v2\/product_cat?post=189"},{"taxonomy":"product_tag","embeddable":true,"href":"https:\/\/atenatwostars.com\/index.php\/wp-json\/wp\/v2\/product_tag?post=189"}],"curies":[{"name":"wp","href":"https:\/\/api.w.org\/{rel}","templated":true}]}}