{"id":190,"date":"2025-03-18T09:39:27","date_gmt":"2025-03-18T09:39:27","guid":{"rendered":"https:\/\/atenatwostars.com\/index.php\/product\/bannere-durabile-din-vinil-pentru-promovare-indoor-outdoor\/"},"modified":"2025-03-18T09:39:27","modified_gmt":"2025-03-18T09:39:27","slug":"bannere-durabile-din-vinil-pentru-promovare-indoor-outdoor","status":"publish","type":"product","link":"https:\/\/atenatwostars.com\/index.php\/product\/bannere-durabile-din-vinil-pentru-promovare-indoor-outdoor\/","title":{"rendered":"Bannere Durabile din Vinil pentru Promovare Indoor &#038; Outdoor"},"content":{"rendered":"<p>F\u0103-\u021bi mesajul vizibil cu bannere rezistente la intemperii, realizate din vinil de calitate superioar\u0103. Cu margini \u00eent\u0103rite \u0219i inele metalice pentru prindere u\u0219oar\u0103, aceste bannere sunt ideale pentru evenimente, reclame sau expozi\u021bii, rezist\u00e2nd \u00een timp f\u0103r\u0103 a-\u0219i pierde culoarea.<\/p>\n","protected":false},"excerpt":{"rendered":"<p>F\u0103-\u021bi mesajul vizibil cu bannere rezistente la intemperii, realizate din vinil de calitate superioar\u0103. Cu margini \u00eent\u0103rite \u0219i inele metalice pentru prindere u\u0219oar\u0103, aceste bannere sunt ideale pentru evenimente, reclame sau expozi\u021bii, rezist\u00e2nd \u00een timp f\u0103r\u0103 a-\u0219i pierde culoarea.<\/p>\n","protected":false},"featured_media":0,"comment_status":"open","ping_status":"closed","template":"","meta":[],"product_brand":[],"product_cat":[26],"product_tag":[],"class_list":{"0":"post-190","1":"product","2":"type-product","3":"status-publish","5":"product_cat-semnalistica","7":"first","8":"instock","9":"shipping-taxable","10":"purchasable","11":"product-type-simple"},"jetpack_sharing_enabled":true,"_links":{"self":[{"href":"https:\/\/atenatwostars.com\/index.php\/wp-json\/wp\/v2\/product\/190","targetHints":{"allow":["GET"]}}],"collection":[{"href":"https:\/\/atenatwostars.com\/index.php\/wp-json\/wp\/v2\/product"}],"about":[{"href":"https:\/\/atenatwostars.com\/index.php\/wp-json\/wp\/v2\/types\/product"}],"replies":[{"embeddable":true,"href":"https:\/\/atenatwostars.com\/index.php\/wp-json\/wp\/v2\/comments?post=190"}],"wp:attachment":[{"href":"https:\/\/atenatwostars.com\/index.php\/wp-json\/wp\/v2\/media?parent=190"}],"wp:term":[{"taxonomy":"product_brand","embeddable":true,"href":"https:\/\/atenatwostars.com\/index.php\/wp-json\/wp\/v2\/product_brand?post=190"},{"taxonomy":"product_cat","embeddable":true,"href":"https:\/\/atenatwostars.com\/index.php\/wp-json\/wp\/v2\/product_cat?post=190"},{"taxonomy":"product_tag","embeddable":true,"href":"https:\/\/atenatwostars.com\/index.php\/wp-json\/wp\/v2\/product_tag?post=190"}],"curies":[{"name":"wp","href":"https:\/\/api.w.org\/{rel}","templated":true}]}}