{"id":191,"date":"2025-03-18T09:39:27","date_gmt":"2025-03-18T09:39:27","guid":{"rendered":"https:\/\/atenatwostars.com\/index.php\/product\/roll-up-banner-stand-portabil-pentru-promovare\/"},"modified":"2025-03-18T09:39:27","modified_gmt":"2025-03-18T09:39:27","slug":"roll-up-banner-stand-portabil-pentru-promovare","status":"publish","type":"product","link":"https:\/\/atenatwostars.com\/index.php\/product\/roll-up-banner-stand-portabil-pentru-promovare\/","title":{"rendered":"Roll-up Banner \u2013 Stand Portabil pentru Promovare"},"content":{"rendered":"<p>Ie\u0219i \u00een eviden\u021b\u0103 la t\u00e2rguri \u0219i prezent\u0103ri cu roll-up bannerul nostru de \u00eenalt\u0103 calitate. Imprimat la rezolu\u021bie \u00eenalt\u0103 pe material premium f\u0103r\u0103 onduleuri, acesta vine cu un suport retractabil robust, oferind o expunere profesionist\u0103 u\u0219or de transportat \u0219i reutilizat.<\/p>\n","protected":false},"excerpt":{"rendered":"<p>Ie\u0219i \u00een eviden\u021b\u0103 la t\u00e2rguri \u0219i prezent\u0103ri cu roll-up bannerul nostru de \u00eenalt\u0103 calitate. Imprimat la rezolu\u021bie \u00eenalt\u0103 pe material premium f\u0103r\u0103 onduleuri, acesta vine cu un suport retractabil robust, oferind o expunere profesionist\u0103 u\u0219or de transportat \u0219i reutilizat.<\/p>\n","protected":false},"featured_media":0,"comment_status":"open","ping_status":"closed","template":"","meta":[],"product_brand":[],"product_cat":[26],"product_tag":[],"class_list":{"0":"post-191","1":"product","2":"type-product","3":"status-publish","5":"product_cat-semnalistica","7":"first","8":"instock","9":"shipping-taxable","10":"purchasable","11":"product-type-simple"},"jetpack_sharing_enabled":true,"_links":{"self":[{"href":"https:\/\/atenatwostars.com\/index.php\/wp-json\/wp\/v2\/product\/191","targetHints":{"allow":["GET"]}}],"collection":[{"href":"https:\/\/atenatwostars.com\/index.php\/wp-json\/wp\/v2\/product"}],"about":[{"href":"https:\/\/atenatwostars.com\/index.php\/wp-json\/wp\/v2\/types\/product"}],"replies":[{"embeddable":true,"href":"https:\/\/atenatwostars.com\/index.php\/wp-json\/wp\/v2\/comments?post=191"}],"wp:attachment":[{"href":"https:\/\/atenatwostars.com\/index.php\/wp-json\/wp\/v2\/media?parent=191"}],"wp:term":[{"taxonomy":"product_brand","embeddable":true,"href":"https:\/\/atenatwostars.com\/index.php\/wp-json\/wp\/v2\/product_brand?post=191"},{"taxonomy":"product_cat","embeddable":true,"href":"https:\/\/atenatwostars.com\/index.php\/wp-json\/wp\/v2\/product_cat?post=191"},{"taxonomy":"product_tag","embeddable":true,"href":"https:\/\/atenatwostars.com\/index.php\/wp-json\/wp\/v2\/product_tag?post=191"}],"curies":[{"name":"wp","href":"https:\/\/api.w.org\/{rel}","templated":true}]}}